{"id":216,"date":"2025-04-23T08:53:52","date_gmt":"2025-04-23T08:53:52","guid":{"rendered":"https:\/\/boutique.zidane-dev.dz\/cart-2\/"},"modified":"2025-05-13T12:47:07","modified_gmt":"2025-05-13T12:47:07","slug":"cart-2","status":"publish","type":"page","link":"https:\/\/ettifaq.zcmc.digital\/fr_fr\/cart-2\/","title":{"rendered":"Panier"},"content":{"rendered":"\n<p>OIYTGFUTFVKHBLJH<\/p>\n\n\n\n<div class=\"wp-block-uagb-container uagb-block-d8b174d4 alignfull uagb-is-root-container\">\n<div class=\"wp-block-uagb-container uagb-block-4e245cd7\"><\/div>\n<\/div>\n\n\n\n<div class=\"wp-block-uagb-container uagb-block-78b25ad4 default uagb-is-root-container\">\n<div class=\"wp-block-uagb-container uagb-block-6b806cc1\">\n<div data-block-name=\"woocommerce\/cart\" class=\"wp-block-woocommerce-cart is-loading wc-block-cart\">\n<div data-block-name=\"woocommerce\/filled-cart-block\" class=\"wp-block-woocommerce-filled-cart-block\">\n<div data-block-name=\"woocommerce\/cart-items-block\" class=\"wp-block-woocommerce-cart-items-block\">\n<p><\/p>\n\n\n\n<div data-block-name=\"woocommerce\/cart-line-items-block\" class=\"wp-block-woocommerce-cart-line-items-block\"><\/div>\n\n\n\n<div data-block-name=\"woocommerce\/cart-cross-sells-block\" class=\"wp-block-woocommerce-cart-cross-sells-block\">\n<h2 class=\"wp-block-heading has-large-font-size\">Vous pourriez \u00eatre int\u00e9ress\u00e9 par\u2026<\/h2>\n\n\n\n<div data-block-name=\"woocommerce\/cart-cross-sells-products-block\" class=\"wp-block-woocommerce-cart-cross-sells-products-block\"><\/div>\n<\/div>\n<\/div>\n\n\n\n<div data-block-name=\"woocommerce\/cart-totals-block\" class=\"wp-block-woocommerce-cart-totals-block\">\n<div data-block-name=\"woocommerce\/cart-order-summary-block\" class=\"wp-block-woocommerce-cart-order-summary-block\">\n<div data-block-name=\"woocommerce\/cart-order-summary-heading-block\" class=\"wp-block-woocommerce-cart-order-summary-heading-block\"><\/div>\n\n\n\n<div data-block-name=\"woocommerce\/cart-order-summary-coupon-form-block\" class=\"wp-block-woocommerce-cart-order-summary-coupon-form-block\"><\/div>\n\n\n\n<div data-block-name=\"woocommerce\/cart-order-summary-totals-block\" class=\"wp-block-woocommerce-cart-order-summary-totals-block\">\n<div data-block-name=\"woocommerce\/cart-order-summary-subtotal-block\" class=\"wp-block-woocommerce-cart-order-summary-subtotal-block\"><\/div>\n\n\n\n<div data-block-name=\"woocommerce\/cart-order-summary-fee-block\" class=\"wp-block-woocommerce-cart-order-summary-fee-block\"><\/div>\n\n\n\n<div data-block-name=\"woocommerce\/cart-order-summary-discount-block\" class=\"wp-block-woocommerce-cart-order-summary-discount-block\"><\/div>\n\n\n\n<div data-block-name=\"woocommerce\/cart-order-summary-shipping-block\" class=\"wp-block-woocommerce-cart-order-summary-shipping-block\"><\/div>\n\n\n\n<div data-block-name=\"woocommerce\/cart-order-summary-taxes-block\" class=\"wp-block-woocommerce-cart-order-summary-taxes-block\"><\/div>\n<\/div>\n<\/div>\n\n\n\n<div data-block-name=\"woocommerce\/cart-express-payment-block\" class=\"wp-block-woocommerce-cart-express-payment-block\"><\/div>\n\n\n\n<div data-block-name=\"woocommerce\/proceed-to-checkout-block\" data-button-label=\"Valider l&#039;achat\" class=\"wp-block-woocommerce-proceed-to-checkout-block\"><\/div>\n\n\n\n<div data-block-name=\"woocommerce\/cart-accepted-payment-methods-block\" class=\"wp-block-woocommerce-cart-accepted-payment-methods-block\"><\/div>\n<\/div>\n<\/div>\n\n\n\n<div data-block-name=\"woocommerce\/empty-cart-block\" class=\"wp-block-woocommerce-empty-cart-block\">\n<h2 class=\"wp-block-heading has-text-align-center with-empty-cart-icon wc-block-cart__empty-cart__title\">Your cart is currently empty!<\/h2>\n\n\n\n<p class=\"has-text-align-center\"><a href=\"https:\/\/ettifaq.zcmc.digital\/shop\/\">Browse store<\/a><\/p>\n\n\n\n<hr class=\"wp-block-separator has-alpha-channel-opacity is-style-dots\"\/>\n\n\n\n<h2 class=\"wp-block-heading has-text-align-center\">Nouveaut\u00e9s en magasin<\/h2>\n\n\n<div data-block-name=\"woocommerce\/product-new\" data-columns=\"4\" data-rows=\"1\" class=\"wc-block-grid wp-block-product-new wp-block-woocommerce-product-new wc-block-product-new has-4-columns\"><ul class=\"wc-block-grid__products\"><li class=\"wc-block-grid__product\">\n\t\t\t\t<a href=\"https:\/\/ettifaq.zcmc.digital\/fr_fr\/product\/smartphone-2\/\" class=\"wc-block-grid__product-link\">\n\t\t\t\t\t\n\t\t\t\t\t<div class=\"wc-block-grid__product-image\"><img fetchpriority=\"high\" decoding=\"async\" width=\"800\" height=\"800\" src=\"https:\/\/ettifaq.zcmc.digital\/wp-content\/uploads\/2025\/07\/10.png\" class=\"attachment-woocommerce_thumbnail size-woocommerce_thumbnail\" alt=\"SMARTPHONE\" srcset=\"https:\/\/ettifaq.zcmc.digital\/wp-content\/uploads\/2025\/07\/10.png 800w, https:\/\/ettifaq.zcmc.digital\/wp-content\/uploads\/2025\/07\/10-300x300.png 300w, https:\/\/ettifaq.zcmc.digital\/wp-content\/uploads\/2025\/07\/10-150x150.png 150w, https:\/\/ettifaq.zcmc.digital\/wp-content\/uploads\/2025\/07\/10-768x768.png 768w, https:\/\/ettifaq.zcmc.digital\/wp-content\/uploads\/2025\/07\/10-12x12.png 12w, https:\/\/ettifaq.zcmc.digital\/wp-content\/uploads\/2025\/07\/10-100x100.png 100w\" sizes=\"(max-width: 800px) 100vw, 800px\" \/><\/div>\n\t\t\t\t\t<div class=\"wc-block-grid__product-title\">SMARTPHONE<\/div>\n\t\t\t\t<\/a>\n\t\t\t\t<div class=\"wc-block-grid__product-price price\"><span class=\"woocommerce-Price-amount amount\"><span class=\"woocommerce-Price-currencySymbol\">&#x62f;.&#x62c;<\/span>195.000,00<\/span><\/div>\n\t\t\t\t\n\t\t\t\t<div class=\"wp-block-button wc-block-grid__product-add-to-cart\"><a href=\"\/fr_fr\/wp-json\/wp\/v2\/pages\/216?add-to-cart=2330\" aria-label=\"Ajouter au panier\u00a0: &ldquo;SMARTPHONE&rdquo;\" data-quantity=\"1\" data-product_id=\"2330\" data-product_sku=\"\" data-price=\"195000\" rel=\"nofollow\" class=\"wp-block-button__link  add_to_cart_button ajax_add_to_cart\">Ajouter au panier<\/a><\/div>\n\t\t\t<\/li><li class=\"wc-block-grid__product\">\n\t\t\t\t<a href=\"https:\/\/ettifaq.zcmc.digital\/fr_fr\/product\/smartphone\/\" class=\"wc-block-grid__product-link\">\n\t\t\t\t\t\n\t\t\t\t\t<div class=\"wc-block-grid__product-image\"><img decoding=\"async\" width=\"800\" height=\"800\" src=\"https:\/\/ettifaq.zcmc.digital\/wp-content\/uploads\/2025\/07\/9.png\" class=\"attachment-woocommerce_thumbnail size-woocommerce_thumbnail\" alt=\"SMARTPHONE\" srcset=\"https:\/\/ettifaq.zcmc.digital\/wp-content\/uploads\/2025\/07\/9.png 800w, https:\/\/ettifaq.zcmc.digital\/wp-content\/uploads\/2025\/07\/9-300x300.png 300w, https:\/\/ettifaq.zcmc.digital\/wp-content\/uploads\/2025\/07\/9-150x150.png 150w, https:\/\/ettifaq.zcmc.digital\/wp-content\/uploads\/2025\/07\/9-768x768.png 768w, https:\/\/ettifaq.zcmc.digital\/wp-content\/uploads\/2025\/07\/9-12x12.png 12w, https:\/\/ettifaq.zcmc.digital\/wp-content\/uploads\/2025\/07\/9-100x100.png 100w\" sizes=\"(max-width: 800px) 100vw, 800px\" \/><\/div>\n\t\t\t\t\t<div class=\"wc-block-grid__product-title\">SMARTPHONE<\/div>\n\t\t\t\t<\/a>\n\t\t\t\t<div class=\"wc-block-grid__product-price price\"><span class=\"woocommerce-Price-amount amount\"><span class=\"woocommerce-Price-currencySymbol\">&#x62f;.&#x62c;<\/span>290.000,00<\/span><\/div>\n\t\t\t\t\n\t\t\t\t<div class=\"wp-block-button wc-block-grid__product-add-to-cart\"><a href=\"\/fr_fr\/wp-json\/wp\/v2\/pages\/216?add-to-cart=2329\" aria-label=\"Ajouter au panier\u00a0: &ldquo;SMARTPHONE&rdquo;\" data-quantity=\"1\" data-product_id=\"2329\" data-product_sku=\"\" data-price=\"290000\" rel=\"nofollow\" class=\"wp-block-button__link  add_to_cart_button ajax_add_to_cart\">Ajouter au panier<\/a><\/div>\n\t\t\t<\/li><li class=\"wc-block-grid__product\">\n\t\t\t\t<a href=\"https:\/\/ettifaq.zcmc.digital\/fr_fr\/product\/refrigirateur-lg\/\" class=\"wc-block-grid__product-link\">\n\t\t\t\t\t\n\t\t\t\t\t<div class=\"wc-block-grid__product-image\"><img decoding=\"async\" width=\"800\" height=\"800\" src=\"https:\/\/ettifaq.zcmc.digital\/wp-content\/uploads\/2025\/07\/8-1.png\" class=\"attachment-woocommerce_thumbnail size-woocommerce_thumbnail\" alt=\"REFRIGIRATEUR  LG\" srcset=\"https:\/\/ettifaq.zcmc.digital\/wp-content\/uploads\/2025\/07\/8-1.png 800w, https:\/\/ettifaq.zcmc.digital\/wp-content\/uploads\/2025\/07\/8-1-300x300.png 300w, https:\/\/ettifaq.zcmc.digital\/wp-content\/uploads\/2025\/07\/8-1-150x150.png 150w, https:\/\/ettifaq.zcmc.digital\/wp-content\/uploads\/2025\/07\/8-1-768x768.png 768w, https:\/\/ettifaq.zcmc.digital\/wp-content\/uploads\/2025\/07\/8-1-12x12.png 12w, https:\/\/ettifaq.zcmc.digital\/wp-content\/uploads\/2025\/07\/8-1-100x100.png 100w\" sizes=\"(max-width: 800px) 100vw, 800px\" \/><\/div>\n\t\t\t\t\t<div class=\"wc-block-grid__product-title\">REFRIGIRATEUR  LG<\/div>\n\t\t\t\t<\/a>\n\t\t\t\t<div class=\"wc-block-grid__product-price price\"><span class=\"woocommerce-Price-amount amount\"><span class=\"woocommerce-Price-currencySymbol\">&#x62f;.&#x62c;<\/span>135.000,00<\/span><\/div>\n\t\t\t\t\n\t\t\t\t<div class=\"wp-block-button wc-block-grid__product-add-to-cart\"><a href=\"\/fr_fr\/wp-json\/wp\/v2\/pages\/216?add-to-cart=2328\" aria-label=\"Ajouter au panier\u00a0: &ldquo;REFRIGIRATEUR  LG&rdquo;\" data-quantity=\"1\" data-product_id=\"2328\" data-product_sku=\"\" data-price=\"135000\" rel=\"nofollow\" class=\"wp-block-button__link  add_to_cart_button ajax_add_to_cart\">Ajouter au panier<\/a><\/div>\n\t\t\t<\/li><li class=\"wc-block-grid__product\">\n\t\t\t\t<a href=\"https:\/\/ettifaq.zcmc.digital\/fr_fr\/product\/refrigirateur\/\" class=\"wc-block-grid__product-link\">\n\t\t\t\t\t\n\t\t\t\t\t<div class=\"wc-block-grid__product-image\"><img loading=\"lazy\" decoding=\"async\" width=\"800\" height=\"800\" src=\"https:\/\/ettifaq.zcmc.digital\/wp-content\/uploads\/2025\/07\/7-1.png\" class=\"attachment-woocommerce_thumbnail size-woocommerce_thumbnail\" alt=\"REFRIGIRATEUR\" srcset=\"https:\/\/ettifaq.zcmc.digital\/wp-content\/uploads\/2025\/07\/7-1.png 800w, https:\/\/ettifaq.zcmc.digital\/wp-content\/uploads\/2025\/07\/7-1-300x300.png 300w, https:\/\/ettifaq.zcmc.digital\/wp-content\/uploads\/2025\/07\/7-1-150x150.png 150w, https:\/\/ettifaq.zcmc.digital\/wp-content\/uploads\/2025\/07\/7-1-768x768.png 768w, https:\/\/ettifaq.zcmc.digital\/wp-content\/uploads\/2025\/07\/7-1-12x12.png 12w, https:\/\/ettifaq.zcmc.digital\/wp-content\/uploads\/2025\/07\/7-1-100x100.png 100w\" sizes=\"(max-width: 800px) 100vw, 800px\" \/><\/div>\n\t\t\t\t\t<div class=\"wc-block-grid__product-title\">REFRIGIRATEUR<\/div>\n\t\t\t\t<\/a>\n\t\t\t\t<div class=\"wc-block-grid__product-price price\"><span class=\"woocommerce-Price-amount amount\"><span class=\"woocommerce-Price-currencySymbol\">&#x62f;.&#x62c;<\/span>86.500,00<\/span><\/div>\n\t\t\t\t\n\t\t\t\t<div class=\"wp-block-button wc-block-grid__product-add-to-cart\"><a href=\"\/fr_fr\/wp-json\/wp\/v2\/pages\/216?add-to-cart=2327\" aria-label=\"Ajouter au panier\u00a0: &ldquo;REFRIGIRATEUR&rdquo;\" data-quantity=\"1\" data-product_id=\"2327\" data-product_sku=\"15\" data-price=\"86500\" rel=\"nofollow\" class=\"wp-block-button__link  add_to_cart_button ajax_add_to_cart\">Ajouter au panier<\/a><\/div>\n\t\t\t<\/li><\/ul><\/div><\/div>\n<\/div>\n<\/div>\n<\/div>\n\n\n\n<p><\/p>\n","protected":false},"excerpt":{"rendered":"<p>OIYTGFUTFVKHBLJH<\/p>\n","protected":false},"author":1,"featured_media":0,"parent":0,"menu_order":0,"comment_status":"closed","ping_status":"closed","template":"","meta":{"_surecart_dashboard_logo_width":"180px","_surecart_dashboard_show_logo":true,"_surecart_dashboard_navigation_orders":true,"_surecart_dashboard_navigation_invoices":true,"_surecart_dashboard_navigation_subscriptions":true,"_surecart_dashboard_navigation_downloads":true,"_surecart_dashboard_navigation_billing":true,"_surecart_dashboard_navigation_account":true,"_uag_custom_page_level_css":"","site-sidebar-layout":"default","site-content-layout":"","ast-site-content-layout":"full-width-container","site-content-style":"unboxed","site-sidebar-style":"default","ast-global-header-display":"","ast-banner-title-visibility":"","ast-main-header-display":"","ast-hfb-above-header-display":"","ast-hfb-below-header-display":"","ast-hfb-mobile-header-display":"","site-post-title":"disabled","ast-breadcrumbs-content":"","ast-featured-img":"","footer-sml-layout":"","ast-disable-related-posts":"","theme-transparent-header-meta":"disabled","adv-header-id-meta":"","stick-header-meta":"","header-above-stick-meta":"","header-main-stick-meta":"","header-below-stick-meta":"","astra-migrate-meta-layouts":"default","ast-page-background-enabled":"default","ast-page-background-meta":{"desktop":{"background-color":"var(--ast-global-color-4)","background-image":"","background-repeat":"repeat","background-position":"center center","background-size":"auto","background-attachment":"scroll","background-type":"","background-media":"","overlay-type":"","overlay-color":"","overlay-opacity":"","overlay-gradient":""},"tablet":{"background-color":"","background-image":"","background-repeat":"repeat","background-position":"center center","background-size":"auto","background-attachment":"scroll","background-type":"","background-media":"","overlay-type":"","overlay-color":"","overlay-opacity":"","overlay-gradient":""},"mobile":{"background-color":"","background-image":"","background-repeat":"repeat","background-position":"center center","background-size":"auto","background-attachment":"scroll","background-type":"","background-media":"","overlay-type":"","overlay-color":"","overlay-opacity":"","overlay-gradient":""}},"ast-content-background-meta":{"desktop":{"background-color":"var(--ast-global-color-5)","background-image":"","background-repeat":"repeat","background-position":"center center","background-size":"auto","background-attachment":"scroll","background-type":"","background-media":"","overlay-type":"","overlay-color":"","overlay-opacity":"","overlay-gradient":""},"tablet":{"background-color":"var(--ast-global-color-5)","background-image":"","background-repeat":"repeat","background-position":"center center","background-size":"auto","background-attachment":"scroll","background-type":"","background-media":"","overlay-type":"","overlay-color":"","overlay-opacity":"","overlay-gradient":""},"mobile":{"background-color":"var(--ast-global-color-5)","background-image":"","background-repeat":"repeat","background-position":"center center","background-size":"auto","background-attachment":"scroll","background-type":"","background-media":"","overlay-type":"","overlay-color":"","overlay-opacity":"","overlay-gradient":""}},"footnotes":""},"class_list":["post-216","page","type-page","status-publish","hentry"],"uagb_featured_image_src":{"full":false,"thumbnail":false,"medium":false,"medium_large":false,"large":false,"1536x1536":false,"2048x2048":false,"trp-custom-language-flag":false,"woocommerce_thumbnail":false,"woocommerce_single":false,"woocommerce_gallery_thumbnail":false},"uagb_author_info":{"display_name":"admin","author_link":"https:\/\/ettifaq.zcmc.digital\/fr_fr\/author\/zidane17\/"},"uagb_comment_info":0,"uagb_excerpt":"OIYTGFUTFVKHBLJH","_links":{"self":[{"href":"https:\/\/ettifaq.zcmc.digital\/fr_fr\/wp-json\/wp\/v2\/pages\/216","targetHints":{"allow":["GET"]}}],"collection":[{"href":"https:\/\/ettifaq.zcmc.digital\/fr_fr\/wp-json\/wp\/v2\/pages"}],"about":[{"href":"https:\/\/ettifaq.zcmc.digital\/fr_fr\/wp-json\/wp\/v2\/types\/page"}],"author":[{"embeddable":true,"href":"https:\/\/ettifaq.zcmc.digital\/fr_fr\/wp-json\/wp\/v2\/users\/1"}],"replies":[{"embeddable":true,"href":"https:\/\/ettifaq.zcmc.digital\/fr_fr\/wp-json\/wp\/v2\/comments?post=216"}],"version-history":[{"count":29,"href":"https:\/\/ettifaq.zcmc.digital\/fr_fr\/wp-json\/wp\/v2\/pages\/216\/revisions"}],"predecessor-version":[{"id":2063,"href":"https:\/\/ettifaq.zcmc.digital\/fr_fr\/wp-json\/wp\/v2\/pages\/216\/revisions\/2063"}],"wp:attachment":[{"href":"https:\/\/ettifaq.zcmc.digital\/fr_fr\/wp-json\/wp\/v2\/media?parent=216"}],"curies":[{"name":"wp","href":"https:\/\/api.w.org\/{rel}","templated":true}]}}